{"id":2,"date":"2024-09-23T16:02:06","date_gmt":"2024-09-23T16:02:06","guid":{"rendered":"https:\/\/itaraoro.rkinformatika.online\/?page_id=2"},"modified":"2024-12-20T15:23:33","modified_gmt":"2024-12-20T15:23:33","slug":"inicio","status":"publish","type":"page","link":"https:\/\/maderasarantzari.com\/eu\/","title":{"rendered":"Hasiera"},"content":{"rendered":"<div data-elementor-type=\"wp-page\" data-elementor-id=\"2\" class=\"elementor elementor-2\" data-elementor-post-type=\"page\">\n\t\t\t\t<div class=\"elementor-element elementor-element-03a6eb1 e-con-full e-flex e-con e-parent\" data-id=\"03a6eb1\" data-element_type=\"container\" data-e-type=\"container\" data-settings=\"{&quot;background_background&quot;:&quot;classic&quot;}\">\n\t\t<div class=\"elementor-element elementor-element-a5954f5 e-con-full e-flex e-con e-child\" data-id=\"a5954f5\" data-element_type=\"container\" data-e-type=\"container\" data-settings=\"{&quot;background_background&quot;:&quot;classic&quot;}\">\n\t\t\t\t<div class=\"elementor-element elementor-element-9b3ec90 elementor-widget__width-initial elementor-widget-tablet__width-initial elementor-widget elementor-widget-heading\" data-id=\"9b3ec90\" data-element_type=\"widget\" data-e-type=\"widget\" data-widget_type=\"heading.default\">\n\t\t\t\t<div class=\"elementor-widget-container\">\n\t\t\t\t\t<h2 class=\"elementor-heading-title elementor-size-default\">ZURAK ARANTZARI<\/h2>\t\t\t\t<\/div>\n\t\t\t\t<\/div>\n\t\t\t\t<div class=\"elementor-element elementor-element-e174168 elementor-widget__width-initial elementor-widget-tablet__width-initial elementor-widget elementor-widget-heading\" data-id=\"e174168\" data-element_type=\"widget\" data-e-type=\"widget\" data-widget_type=\"heading.default\">\n\t\t\t\t<div class=\"elementor-widget-container\">\n\t\t\t\t\t<h2 class=\"elementor-heading-title elementor-size-default\"> Eukalipto-zuraren erosketa, elaborazioa eta salmenta.<\/h2>\t\t\t\t<\/div>\n\t\t\t\t<\/div>\n\t\t\t\t<div class=\"elementor-element elementor-element-203f4db elementor-widget__width-initial elementor-widget-tablet__width-initial elementor-widget elementor-widget-heading\" data-id=\"203f4db\" data-element_type=\"widget\" data-e-type=\"widget\" data-widget_type=\"heading.default\">\n\t\t\t\t<div class=\"elementor-widget-container\">\n\t\t\t\t\t<h2 class=\"elementor-heading-title elementor-size-default\">Akreditazioa: <br>\nFSC, PEFC (n \u2022 ziurtagiria: BCM-PEFC-COC-00213)<\/h2>\t\t\t\t<\/div>\n\t\t\t\t<\/div>\n\t\t\t\t<\/div>\n\t\t\t\t<\/div>\n\t\t<div class=\"elementor-element elementor-element-92be399 e-flex e-con-boxed e-con e-parent\" data-id=\"92be399\" data-element_type=\"container\" data-e-type=\"container\" data-settings=\"{&quot;background_background&quot;:&quot;classic&quot;}\">\n\t\t\t\t\t<div class=\"e-con-inner\">\n\t\t\t\t<div class=\"elementor-element elementor-element-77495b7 elementor-widget elementor-widget-heading\" data-id=\"77495b7\" data-element_type=\"widget\" data-e-type=\"widget\" data-widget_type=\"heading.default\">\n\t\t\t\t<div class=\"elementor-widget-container\">\n\t\t\t\t\t<h2 class=\"elementor-heading-title elementor-size-default\">Nor gara?<\/h2>\t\t\t\t<\/div>\n\t\t\t\t<\/div>\n\t\t\t\t<div class=\"elementor-element elementor-element-efd5889 elementor-widget elementor-widget-text-editor\" data-id=\"efd5889\" data-element_type=\"widget\" data-e-type=\"widget\" data-widget_type=\"text-editor.default\">\n\t\t\t\t<div class=\"elementor-widget-container\">\n\t\t\t\t\t\t\t\t\t<p>Maderas Arantzarin eukalipto-egurra erosten eta prozesatzen eta fabrikei zuzenean saltzen aritzen gara. Gure konpromisoa kalitate handiko produktuak eta zerbitzu eraginkorra eskaintzea da, merkatuaren eta gure bezeroen beharretara egokituz.<\/p><p>Sektorean 15 urte baino gehiagoko esperientzia izanik, gure eragiketetan iraunkortasuna bermatzeko lan egiten dugu, gure jardueraren etapa bakoitzean praktika arduratsuak lehenetsiz. Maderas Arantzari eukalipto-zura maneiatzeko kalitate, dedikazio eta profesionaltasunaren sinonimoa da.<\/p>\t\t\t\t\t\t\t\t<\/div>\n\t\t\t\t<\/div>\n\t\t\t\t\t<\/div>\n\t\t\t\t<\/div>\n\t\t\t\t<\/div>","protected":false},"excerpt":{"rendered":"<p>MADERAS ARANTZARI Compra, Elaboraci\u00f3n y Venta de Madera de Eucalipto. Acreditaci\u00f3n: FSC,PEFC (n\u2022 certificado: BCM-PEFC-COC-00213) \u00bfQui\u00e9nes Somos? En Maderas Arantzari nos dedicamos exclusivamente a la compra de madera de eucalipto, as\u00ed como a su procesamiento y venta directa a f\u00e1bricas. Nuestro compromiso se centra en ofrecer productos de alta calidad y un servicio eficiente, adapt\u00e1ndonos [&hellip;]<\/p>\n","protected":false},"author":3,"featured_media":0,"parent":0,"menu_order":0,"comment_status":"closed","ping_status":"closed","template":"","meta":{"footnotes":""},"class_list":["post-2","page","type-page","status-publish","hentry"],"yoast_head":"<!-- This site is optimized with the Yoast SEO plugin v27.3 - https:\/\/yoast.com\/product\/yoast-seo-wordpress\/ -->\n<title>Inicio - Maderas Arantzari<\/title>\n<meta name=\"robots\" content=\"index, follow, max-snippet:-1, max-image-preview:large, max-video-preview:-1\" \/>\n<link rel=\"canonical\" href=\"https:\/\/maderasarantzari.com\/eu\/\" \/>\n<meta property=\"og:locale\" content=\"en_US\" \/>\n<meta property=\"og:type\" content=\"article\" \/>\n<meta property=\"og:title\" content=\"Inicio - Maderas Arantzari\" \/>\n<meta property=\"og:description\" content=\"MADERAS ARANTZARI Compra, Elaboraci\u00f3n y Venta de Madera de Eucalipto. Acreditaci\u00f3n: FSC,PEFC (n\u2022 certificado: BCM-PEFC-COC-00213) \u00bfQui\u00e9nes Somos? En Maderas Arantzari nos dedicamos exclusivamente a la compra de madera de eucalipto, as\u00ed como a su procesamiento y venta directa a f\u00e1bricas. Nuestro compromiso se centra en ofrecer productos de alta calidad y un servicio eficiente, adapt\u00e1ndonos [&hellip;]\" \/>\n<meta property=\"og:url\" content=\"https:\/\/maderasarantzari.com\/eu\/\" \/>\n<meta property=\"og:site_name\" content=\"Maderas Arantzari\" \/>\n<meta property=\"article:modified_time\" content=\"2024-12-20T15:23:33+00:00\" \/>\n<meta name=\"twitter:card\" content=\"summary_large_image\" \/>\n<meta name=\"twitter:label1\" content=\"Est. reading time\" \/>\n\t<meta name=\"twitter:data1\" content=\"1 minutua\" \/>\n<script type=\"application\/ld+json\" class=\"yoast-schema-graph\">{\"@context\":\"https:\\\/\\\/schema.org\",\"@graph\":[{\"@type\":\"WebPage\",\"@id\":\"https:\\\/\\\/maderasarantzari.com\\\/\",\"url\":\"https:\\\/\\\/maderasarantzari.com\\\/\",\"name\":\"Inicio - Maderas Arantzari\",\"isPartOf\":{\"@id\":\"https:\\\/\\\/maderasarantzari.com\\\/#website\"},\"datePublished\":\"2024-09-23T16:02:06+00:00\",\"dateModified\":\"2024-12-20T15:23:33+00:00\",\"breadcrumb\":{\"@id\":\"https:\\\/\\\/maderasarantzari.com\\\/#breadcrumb\"},\"inLanguage\":\"eu\",\"potentialAction\":[{\"@type\":\"ReadAction\",\"target\":[\"https:\\\/\\\/maderasarantzari.com\\\/\"]}]},{\"@type\":\"BreadcrumbList\",\"@id\":\"https:\\\/\\\/maderasarantzari.com\\\/#breadcrumb\",\"itemListElement\":[{\"@type\":\"ListItem\",\"position\":1,\"name\":\"Portada\",\"item\":\"https:\\\/\\\/maderasarantzari.com\\\/\"},{\"@type\":\"ListItem\",\"position\":2,\"name\":\"Inicio\"}]},{\"@type\":\"WebSite\",\"@id\":\"https:\\\/\\\/maderasarantzari.com\\\/#website\",\"url\":\"https:\\\/\\\/maderasarantzari.com\\\/\",\"name\":\"Maderas Arantzari\",\"description\":\"Dedicaci\u00f3n exclusiva de compra de madera de eucalipto y elaboraci\u00f3n y venta a f\u00e1brica\",\"publisher\":{\"@id\":\"https:\\\/\\\/maderasarantzari.com\\\/#organization\"},\"potentialAction\":[{\"@type\":\"SearchAction\",\"target\":{\"@type\":\"EntryPoint\",\"urlTemplate\":\"https:\\\/\\\/maderasarantzari.com\\\/?s={search_term_string}\"},\"query-input\":{\"@type\":\"PropertyValueSpecification\",\"valueRequired\":true,\"valueName\":\"search_term_string\"}}],\"inLanguage\":\"eu\"},{\"@type\":\"Organization\",\"@id\":\"https:\\\/\\\/maderasarantzari.com\\\/#organization\",\"name\":\"Maderas Arantzari\",\"url\":\"https:\\\/\\\/maderasarantzari.com\\\/\",\"logo\":{\"@type\":\"ImageObject\",\"inLanguage\":\"eu\",\"@id\":\"https:\\\/\\\/maderasarantzari.com\\\/#\\\/schema\\\/logo\\\/image\\\/\",\"url\":\"https:\\\/\\\/maderasarantzari.com\\\/wp-content\\\/uploads\\\/2024\\\/12\\\/cropped-arantzari.jpg\",\"contentUrl\":\"https:\\\/\\\/maderasarantzari.com\\\/wp-content\\\/uploads\\\/2024\\\/12\\\/cropped-arantzari.jpg\",\"width\":1080,\"height\":494,\"caption\":\"Maderas Arantzari\"},\"image\":{\"@id\":\"https:\\\/\\\/maderasarantzari.com\\\/#\\\/schema\\\/logo\\\/image\\\/\"}}]}<\/script>\n<!-- \/ Yoast SEO plugin. -->","yoast_head_json":{"title":"Inicio - Maderas Arantzari","robots":{"index":"index","follow":"follow","max-snippet":"max-snippet:-1","max-image-preview":"max-image-preview:large","max-video-preview":"max-video-preview:-1"},"canonical":"https:\/\/maderasarantzari.com\/eu\/","og_locale":"en_US","og_type":"article","og_title":"Inicio - Maderas Arantzari","og_description":"MADERAS ARANTZARI Compra, Elaboraci\u00f3n y Venta de Madera de Eucalipto. Acreditaci\u00f3n: FSC,PEFC (n\u2022 certificado: BCM-PEFC-COC-00213) \u00bfQui\u00e9nes Somos? En Maderas Arantzari nos dedicamos exclusivamente a la compra de madera de eucalipto, as\u00ed como a su procesamiento y venta directa a f\u00e1bricas. Nuestro compromiso se centra en ofrecer productos de alta calidad y un servicio eficiente, adapt\u00e1ndonos [&hellip;]","og_url":"https:\/\/maderasarantzari.com\/eu\/","og_site_name":"Maderas Arantzari","article_modified_time":"2024-12-20T15:23:33+00:00","twitter_card":"summary_large_image","twitter_misc":{"Est. reading time":"1 minutua"},"schema":{"@context":"https:\/\/schema.org","@graph":[{"@type":"WebPage","@id":"https:\/\/maderasarantzari.com\/","url":"https:\/\/maderasarantzari.com\/","name":"Inicio - Maderas Arantzari","isPartOf":{"@id":"https:\/\/maderasarantzari.com\/#website"},"datePublished":"2024-09-23T16:02:06+00:00","dateModified":"2024-12-20T15:23:33+00:00","breadcrumb":{"@id":"https:\/\/maderasarantzari.com\/#breadcrumb"},"inLanguage":"eu","potentialAction":[{"@type":"ReadAction","target":["https:\/\/maderasarantzari.com\/"]}]},{"@type":"BreadcrumbList","@id":"https:\/\/maderasarantzari.com\/#breadcrumb","itemListElement":[{"@type":"ListItem","position":1,"name":"Portada","item":"https:\/\/maderasarantzari.com\/"},{"@type":"ListItem","position":2,"name":"Inicio"}]},{"@type":"WebSite","@id":"https:\/\/maderasarantzari.com\/#website","url":"https:\/\/maderasarantzari.com\/","name":"Maderas Arantzari","description":"Dedicaci\u00f3n exclusiva de compra de madera de eucalipto y elaboraci\u00f3n y venta a f\u00e1brica","publisher":{"@id":"https:\/\/maderasarantzari.com\/#organization"},"potentialAction":[{"@type":"SearchAction","target":{"@type":"EntryPoint","urlTemplate":"https:\/\/maderasarantzari.com\/?s={search_term_string}"},"query-input":{"@type":"PropertyValueSpecification","valueRequired":true,"valueName":"search_term_string"}}],"inLanguage":"eu"},{"@type":"Organization","@id":"https:\/\/maderasarantzari.com\/#organization","name":"Maderas Arantzari","url":"https:\/\/maderasarantzari.com\/","logo":{"@type":"ImageObject","inLanguage":"eu","@id":"https:\/\/maderasarantzari.com\/#\/schema\/logo\/image\/","url":"https:\/\/maderasarantzari.com\/wp-content\/uploads\/2024\/12\/cropped-arantzari.jpg","contentUrl":"https:\/\/maderasarantzari.com\/wp-content\/uploads\/2024\/12\/cropped-arantzari.jpg","width":1080,"height":494,"caption":"Maderas Arantzari"},"image":{"@id":"https:\/\/maderasarantzari.com\/#\/schema\/logo\/image\/"}}]}},"_links":{"self":[{"href":"https:\/\/maderasarantzari.com\/eu\/wp-json\/wp\/v2\/pages\/2","targetHints":{"allow":["GET"]}}],"collection":[{"href":"https:\/\/maderasarantzari.com\/eu\/wp-json\/wp\/v2\/pages"}],"about":[{"href":"https:\/\/maderasarantzari.com\/eu\/wp-json\/wp\/v2\/types\/page"}],"author":[{"embeddable":true,"href":"https:\/\/maderasarantzari.com\/eu\/wp-json\/wp\/v2\/users\/3"}],"replies":[{"embeddable":true,"href":"https:\/\/maderasarantzari.com\/eu\/wp-json\/wp\/v2\/comments?post=2"}],"version-history":[{"count":273,"href":"https:\/\/maderasarantzari.com\/eu\/wp-json\/wp\/v2\/pages\/2\/revisions"}],"predecessor-version":[{"id":1079,"href":"https:\/\/maderasarantzari.com\/eu\/wp-json\/wp\/v2\/pages\/2\/revisions\/1079"}],"wp:attachment":[{"href":"https:\/\/maderasarantzari.com\/eu\/wp-json\/wp\/v2\/media?parent=2"}],"curies":[{"name":"wp","href":"https:\/\/api.w.org\/{rel}","templated":true}]}}